{"id":224067,"date":"2026-02-16T22:23:35","date_gmt":"2026-02-16T22:23:35","guid":{"rendered":"https:\/\/www.school-of-present-time.com\/?page_id=224067"},"modified":"2026-03-05T09:59:12","modified_gmt":"2026-03-05T09:59:12","slug":"astrocartomancy","status":"publish","type":"page","link":"https:\/\/www.school-of-present-time.com\/fr\/astrocartomancy\/","title":{"rendered":"ASTROCARTES"},"content":{"rendered":"<div class=\"et_pb_section_0 et_pb_section et_section_regular et_block_section section_has_divider et_pb_bottom_divider preset--module--divi-section--74c69059-8e69-4122-b1e6-dfeabf6c5711\">\n<div class=\"et_pb_row_0 et_pb_row et_block_row preset--module--divi-row--5138c454-be54-4233-bd3b-f8e6a8747976\">\n<div class=\"et_pb_column_0 et_pb_column et_pb_column_1_2 et_block_column et_pb_css_mix_blend_mode_passthrough preset--module--divi-column--73121f80-a3ef-4484-8763-c3f18e3c56d2\">\n<div class=\"et_pb_heading_0 et_pb_heading et_pb_module et_block_module preset--module--divi-heading--f0c675ea-2574-4d0e-b725-30f8550a8550\"><div class=\"et_pb_heading_container\"><h4 class=\"et_pb_module_header\">Voyage \u00e0 travers le langage symbolique de la cartomancie<\/h4><\/div><\/div>\n\n<div class=\"et_pb_heading_1 et_pb_heading et_pb_module et_block_module preset--module--divi-heading--ddeb8c09-9078-4424-bc15-2efb6572e28e\"><div class=\"et_pb_heading_container\"><h1 class=\"et_pb_module_header\">Astro-cartomancie : le Livre du Temps<\/h1><\/div><\/div>\n\n<div class=\"et_pb_text_0 et_pb_text et_pb_bg_layout_light et_pb_module et_block_module preset--module--divi-text--0504de1e-f5ff-4281-ba60-cbbe4edf98bc\"><div class=\"et_pb_text_inner\"><p>apprenez \u00e0 naviguer dans les cycles de votre vie avec plus de conscience, de clart\u00e9 et d'harmonie.<\/p>\n<\/div><\/div>\n<\/div>\n\n<div class=\"et_pb_column_1 et_pb_column et_pb_column_1_2 et-last-child et_block_column et_pb_css_mix_blend_mode_passthrough preset--module--divi-column--73121f80-a3ef-4484-8763-c3f18e3c56d2\">\n<div class=\"et_pb_image_0 et_pb_image et_pb_module et_block_module preset--module--divi-image--1cc6152f-565c-4c4d-b0c9-cf8c9576c341\"><span class=\"et_pb_image_wrap\"><img loading=\"lazy\" decoding=\"async\" src=\"https:\/\/www.school-of-present-time.com\/wp-content\/uploads\/2026\/02\/all-cards-45.png\" title=\"all cards-45\" width=\"596\" height=\"842\" srcset=\"https:\/\/www.school-of-present-time.com\/wp-content\/uploads\/2026\/02\/all-cards-45.png 596w, https:\/\/www.school-of-present-time.com\/wp-content\/uploads\/2026\/02\/all-cards-45-480x678.png 480w\" sizes=\"(min-width: 0px) and (max-width: 480px) 480px, (min-width: 481px) 596px, 100vw\" class=\"wp-image-224070\" \/><\/span><\/div>\n<\/div>\n<\/div>\n<div class=\"et_pb_bottom_inside_divider et-no-transition\"><\/div><\/div>\n\n<div class=\"et_pb_section_1 et_pb_section et_section_regular et_block_section\">\n<div class=\"et_pb_row_1 et_pb_row et_block_row\">\n<div class=\"et_pb_column_2 et_pb_column et_pb_column_1_2 et_block_column et_pb_css_mix_blend_mode_passthrough\">\n<div class=\"et_pb_heading_2 et_pb_heading et_pb_module et_block_module preset--module--divi-heading--c33f07d9-41e0-421a-8799-5799df695cce\"><div class=\"et_pb_heading_container\"><h2 class=\"et_pb_module_header\">Naviguer dans les cycles de votre vie<\/h2><\/div><\/div>\n\n<div class=\"et_pb_text_1 et_pb_text et_pb_bg_layout_light et_pb_module et_block_module preset--module--divi-text--2c55a9c4-feed-423b-9edb-ae0b5b365cac\"><div class=\"et_pb_text_inner\"><p>L'astrocartomancie nous aide \u00e0 comprendre les cycles \u00e9nerg\u00e9tiques qui fa\u00e7onnent nos vies, en nous donnant un aper\u00e7u du timing, des relations, des d\u00e9fis et de la croissance personnelle, afin que nous puissions avancer avec une plus grande conscience et un meilleur alignement.<\/p>\n<\/div><\/div>\n<\/div>\n\n<div class=\"et_pb_column_3 et_pb_column et_pb_column_1_2 et-last-child et_block_column et_pb_css_mix_blend_mode_passthrough\">\n<div class=\"et_pb_image_1 et_pb_image et_pb_module et_block_module preset--module--divi-image--1cc6152f-565c-4c4d-b0c9-cf8c9576c341\"><span class=\"et_pb_image_wrap\"><img loading=\"lazy\" decoding=\"async\" src=\"https:\/\/www.school-of-present-time.com\/wp-content\/uploads\/2026\/02\/CARTES-CONF-2.png\" title=\"CARTES CONF 2\" width=\"1674\" height=\"1332\" srcset=\"https:\/\/www.school-of-present-time.com\/wp-content\/uploads\/2026\/02\/CARTES-CONF-2.png 1674w, https:\/\/www.school-of-present-time.com\/wp-content\/uploads\/2026\/02\/CARTES-CONF-2-1280x1018.png 1280w, https:\/\/www.school-of-present-time.com\/wp-content\/uploads\/2026\/02\/CARTES-CONF-2-980x780.png 980w, https:\/\/www.school-of-present-time.com\/wp-content\/uploads\/2026\/02\/CARTES-CONF-2-480x382.png 480w\" sizes=\"(min-width: 0px) and (max-width: 480px) 480px, (min-width: 481px) and (max-width: 980px) 980px, (min-width: 981px) and (max-width: 1280px) 1280px, (min-width: 1281px) 1674px, 100vw\" class=\"wp-image-224119\" \/><\/span><\/div>\n<\/div>\n<\/div>\n<\/div>\n\n<div class=\"et_pb_section_2 et_pb_section et_section_regular et_block_section\">\n<div class=\"et_pb_row_2 et_pb_row et_pb_equal_columns et_block_row preset--module--divi-row--5138c454-be54-4233-bd3b-f8e6a8747976\">\n<div class=\"et_pb_column_4 et_pb_column et_pb_column_1_3 et_block_column et_pb_css_mix_blend_mode_passthrough preset--module--divi-column--73121f80-a3ef-4484-8763-c3f18e3c56d2\">\n<div class=\"et_pb_heading_3 et_pb_heading et_pb_module et_block_module preset--module--divi-heading--ba4a6336-701f-47b8-bf5c-09da0ce28016\"><div class=\"et_pb_heading_container\"><h3 class=\"et_pb_module_header\">Le temps cod\u00e9 dans les 52 cartes<\/h3><\/div><\/div>\n\n<div class=\"et_pb_text_2 et_pb_text et_pb_bg_layout_light et_pb_module et_block_module preset--module--divi-text--2c55a9c4-feed-423b-9edb-ae0b5b365cac\"><div class=\"et_pb_text_inner\"><p data-start=\"52\" data-end=\"317\">L'astrocartomancie repose sur l'id\u00e9e qu'une connaissance cosmologique profonde a \u00e9t\u00e9 pr\u00e9serv\u00e9e dans le jeu de cartes ordinaire de 52 cartes. Universellement connues et apparemment simples, ces cartes peuvent receler un calendrier symbolique et une carte du temps cach\u00e9s \u00e0 la vue de tous.<\/p>\n<p data-start=\"319\" data-end=\"756\">La structure elle-m\u00eame est \u00e9loquente : les 52 cartes correspondent aux 52 semaines de l'ann\u00e9e ; les quatre couleurs refl\u00e8tent les quatre saisons et les quatre \u00e9l\u00e9ments ; les treize cartes de chaque couleur refl\u00e8tent les treize cycles lunaires. Les figures sugg\u00e8rent des forces arch\u00e9typales, tandis que la progression num\u00e9rique fait \u00e9cho au mouvement du temps \u00e0 travers les cycles de croissance, d'apog\u00e9e, de d\u00e9clin et de renouveau. Ce que nous appelons famili\u00e8rement \u00ab cartes \u00e0 jouer \u00bb pourrait en fait \u00eatre un cosmogramme portable.<\/p>\n<\/div><\/div>\n<\/div>\n\n<div class=\"et_pb_column_5 et_pb_column et_pb_column_1_3 et_block_column et_pb_css_mix_blend_mode_passthrough preset--module--divi-column--92716280-2ae8-4a3a-8254-2d5a51101853\">\n<div class=\"et_pb_text_3 et_pb_text et_pb_bg_layout_light et_pb_module et_block_module preset--module--divi-text--0504de1e-f5ff-4281-ba60-cbbe4edf98bc\"><div class=\"et_pb_text_inner\"><p>Ce syst\u00e8me symbolique appara\u00eet en Europe \u00e0 la Renaissance, une p\u00e9riode o\u00f9 les connaissances \u00e9sot\u00e9riques anciennes refaisaient souvent surface sous des formes d\u00e9guis\u00e9es. Cependant, ses racines semblent beaucoup plus anciennes, li\u00e9es \u00e0 des civilisations anciennes telles que l'\u00c9gypte et la M\u00e9sopotamie, o\u00f9 l'astronomie, l'astrologie et les calendriers sacr\u00e9s occupaient une place centrale dans la culture et la vie spirituelle.<\/p>\n<\/div><\/div>\n<\/div>\n\n<div class=\"et_pb_column_6 et_pb_column et_pb_column_1_3 et-last-child et_block_column et_pb_css_mix_blend_mode_passthrough preset--module--divi-column--92716280-2ae8-4a3a-8254-2d5a51101853\">\n<div class=\"et_pb_text_4 et_pb_text et_pb_bg_layout_light et_pb_module et_block_module preset--module--divi-text--0504de1e-f5ff-4281-ba60-cbbe4edf98bc\"><div class=\"et_pb_text_inner\"><p data-start=\"1087\" data-end=\"1484\">Au d\u00e9but des ann\u00e9es 1900, Olney H. Richmond fut l'un des premiers \u00e0 exprimer cette perspective de mani\u00e8re structur\u00e9e. Il sugg\u00e9ra que ce savoir pouvait remonter \u00e0 une source encore plus ancienne : une civilisation primordiale dont le mythe de l'Atlantide garde le souvenir. Qu'elle soit prise au sens symbolique ou historique, cette id\u00e9e renvoie \u00e0 une transmission de la sagesse \u00e0 travers les \u00e2ges, pr\u00e9serv\u00e9e gr\u00e2ce \u00e0 des symboles accessibles \u00e0 tous.<\/p>\n<p data-start=\"1486\" data-end=\"1672\" data-is-last-node=\"\" data-is-only-node=\"\">L'astrocartomancie nous invite donc \u00e0 consid\u00e9rer le jeu de cartes non pas comme un outil du hasard, mais comme une carte cod\u00e9e du temps \u2014 un rappel que la connaissance sacr\u00e9e peut survivre en restant visible, mais m\u00e9connue.<\/p>\n<\/div><\/div>\n<\/div>\n<\/div>\n\n<div class=\"et_pb_row_3 et_pb_row et_flex_row\">\n<div class=\"et_pb_column_7 et_pb_column et-last-child et_flex_column et_pb_css_mix_blend_mode_passthrough et_flex_column_24_24 et_flex_column_24_24_tablet et_flex_column_24_24_phone\">\n<div class=\"et_pb_module et_pb_button_module_wrapper et_pb_button_0_wrapper preset--module--divi-button--1bffc0fc-42a0-49d1-bd9a-ae3ade2d7206_wrapper\"><a class=\"et_pb_button_0 et_pb_button et_pb_bg_layout_light et_pb_module et_block_module preset--module--divi-button--1bffc0fc-42a0-49d1-bd9a-ae3ade2d7206\" href=\"https:\/\/www.astrocartomancie.com\/\" target=\"_blank\">Acc\u00e9dez au site Web Astrocartomancy.<\/a><\/div>\n<\/div>\n<\/div>\n<\/div>\n\n<div class=\"et_pb_section_3 et_pb_section et_section_regular et_block_section\">\n<div class=\"et_pb_row_4 et_pb_row et_block_row preset--module--divi-row--5138c454-be54-4233-bd3b-f8e6a8747976\">\n<div class=\"et_pb_column_8 et_pb_column et_pb_column_4_4 et-last-child et_block_column et_pb_css_mix_blend_mode_passthrough preset--module--divi-column--73121f80-a3ef-4484-8763-c3f18e3c56d2\">\n<div class=\"et_pb_heading_4 et_pb_heading et_pb_module et_block_module preset--module--divi-heading--f0c675ea-2574-4d0e-b725-30f8550a8550\"><div class=\"et_pb_heading_container\"><h4 class=\"et_pb_module_header\">Le temps \u2013 Le courant vivant de l'astrocartomancie<\/h4><\/div><\/div>\n\n<div class=\"et_pb_heading_5 et_pb_heading et_pb_module et_block_module preset--module--divi-heading--ba4a6336-701f-47b8-bf5c-09da0ce28016\"><div class=\"et_pb_heading_container\"><h3 class=\"et_pb_module_header\">Qu'est-ce que le temps ?<\/h3><\/div><\/div>\n\n<div class=\"et_pb_text_5 et_pb_text et_pb_bg_layout_light et_pb_module et_block_module preset--module--divi-text--2c55a9c4-feed-423b-9edb-ae0b5b365cac\"><div class=\"et_pb_text_inner\"><p>Dans un sens, le temps est un continuum d'\u00e9v\u00e9nements, une s\u00e9quence \u00e0 travers laquelle la vie se d\u00e9roule. Pourtant, dans l'astrocartomancie et \u00e0 l'\u00c9cole du Temps Pr\u00e9sent, le temps n'est pas seulement lin\u00e9aire ; il est cyclique, rythmique et symbolique. Il \u00e9volue \u00e0 travers les cycles des plan\u00e8tes, le changement des saisons, la progression silencieuse cod\u00e9e dans le jeu de 52 cartes.<\/p>\n<p>Les quatre couleurs refl\u00e8tent les grandes \u00e9tapes de la vie humaine :<br \/>C\u0153urs \u2014 jeunesse, sensibilit\u00e9, \u00e9veil des sentiments.<br \/>lubs \u2014 adolescence, expansion, d\u00e9fi, mise \u00e0 l'\u00e9preuve de la force.<br \/>Diamants \u2014 \u00e2ge adulte, responsabilit\u00e9, structure, cr\u00e9ation mat\u00e9rielle.<br \/>Pique \u2014 vieillesse, sagesse, d\u00e9tachement et retour \u00e0 l'essence.<\/p>\n<p>Ces \u00e9tapes font \u00e9cho \u00e0 ce que Carlos Castaneda d\u00e9crivait comme les quatre ennemis de l'homme ou de la femme de connaissance : la peur, la clart\u00e9, le pouvoir et la vieillesse. Chaque phase comporte \u00e0 la fois un cadeau et une \u00e9preuve. Le temps n'est donc pas neutre, il nous initie.<\/p>\n<p>, dans une pr\u00e9sence profonde. \u00c0 d'autres moments, la m\u00e9moire nous ram\u00e8ne soudainement dans le pass\u00e9, ou l'intuition nous projette dans un avenir possible. Dans ces moments-l\u00e0, le temps se courbe, s'\u00e9tire, se comprime. Il n'est plus m\u00e9canique, il devient exp\u00e9rientiel.<\/p>\n<p>Pour les anciens mages, le temps n'\u00e9tait pas seulement une mesure. Il \u00e9tait l'expression d'une intelligence sup\u00e9rieure, une pens\u00e9e con\u00e7ue par quelque chose d'infiniment plus grand que nous. Comprendre le temps, c'\u00e9tait s'aligner sur l'ordre divin, percevoir l'architecture du destin.<\/p>\n<p>En astrocartomancie, \u00e9tudier le temps revient \u00e0 \u00e9tudier la conscience elle-m\u00eame. En observant les cycles \u2014 plan\u00e9taires, saisonniers, symboliques \u2014, nous commen\u00e7ons \u00e0 passer d'un \u00e9tat o\u00f9 nous sommes inconsciemment port\u00e9s par le temps \u00e0 un \u00e9tat o\u00f9 nous y participons de mani\u00e8re lucide. Et dans cette lucidit\u00e9, nous nous rapprochons de l'esprit et de notre propre essence.<\/p>\n<\/div><\/div>\n<\/div>\n<\/div>\n<\/div>\n\n<div class=\"et_pb_section_4 et_pb_section et_section_regular et_block_section\">\n<div class=\"et_pb_row_5 et_pb_row et_flex_row\">\n<div class=\"et_pb_column_9 et_pb_column et_flex_column et_pb_css_mix_blend_mode_passthrough et_flex_column_3_5 et_flex_column_3_5_tablet et_flex_column_24_24_phone\">\n<div class=\"et_pb_heading_6 et_pb_heading et_pb_module et_block_module preset--module--divi-heading--ba4a6336-701f-47b8-bf5c-09da0ce28016\"><div class=\"et_pb_heading_container\"><h3 class=\"et_pb_module_header\">\u00c0 PROPOS D'OLNEY RICHMOND<\/h3><\/div><\/div>\n\n<div class=\"et_pb_text_6 et_pb_text et_pb_bg_layout_light et_pb_module et_flex_module\"><div class=\"et_pb_text_inner\"><p data-start=\"0\" data-end=\"176\"><span class=\"hover:entity-accent entity-underline inline cursor-pointer align-baseline\"><span class=\"whitespace-normal\">Olney H. Richmond<\/span><\/span> \u00e9tait un occultiste am\u00e9ricain du XIXe si\u00e8cle, enseignant \u00e9sot\u00e9rique et auteur associ\u00e9 aux traditions herm\u00e9tiques et mystiques aux \u00c9tats-Unis.<\/p>\n<p data-start=\"178\" data-end=\"490\">Il est surtout connu pour son livre <strong data-start=\"208\" data-end=\"234\"><em data-start=\"210\" data-end=\"232\">The Mystic Test Book<\/em><\/strong> (1893), dans lequel il d\u00e9crit un syst\u00e8me symbolique reliant les cartes \u00e0 jouer aux lois spirituelles, aux principes cosmiques et \u00e0 la destin\u00e9e humaine. Son travail a contribu\u00e9 au d\u00e9veloppement de ce qui allait devenir plus tard l' <strong data-start=\"438\" data-end=\"457\">astrocartomancie<\/strong> ou les syst\u00e8mes de chemin de vie bas\u00e9s sur des cartes.<\/p>\n<p data-start=\"492\" data-end=\"768\">Richmond pr\u00e9sentait le jeu de 52 cartes comme un calendrier sacr\u00e9 et une carte de l'exp\u00e9rience humaine, associant les quatre couleurs aux aspects fondamentaux de la vie et du d\u00e9veloppement spirituel. Ses \u00e9crits m\u00ealaient philosophie herm\u00e9tique, num\u00e9rologie, astrologie et mysticisme chr\u00e9tien.<\/p>\n<p data-start=\"770\" data-end=\"951\">Bien que peu connues dans l'histoire officielle, les id\u00e9es de Richmond ont influenc\u00e9 les syst\u00e8mes ult\u00e9rieurs qui interpr\u00e8tent les cartes de naissance et les cycles de vie \u00e0 travers la structure du jeu de cartes.<\/p>\n<\/div><\/div>\n<\/div>\n\n<div class=\"et_pb_column_10 et_pb_column et-last-child et_flex_column et_pb_css_mix_blend_mode_passthrough et_flex_column_2_5 et_flex_column_2_5_tablet et_flex_column_24_24_phone\">\n<div class=\"et_pb_text_7 et_pb_text et_pb_bg_layout_light et_pb_module et_block_module\"><div class=\"et_pb_text_inner\"><h2 style=\"text-align: center;\"><img loading=\"lazy\" decoding=\"async\" src=\"https:\/\/www.school-of-present-time.com\/wp-content\/uploads\/2026\/02\/Capture-decran-2026-02-17-a-02.18.45-198x300.png\" width=\"272\" height=\"412\" alt=\"\" class=\"wp-image-224123 alignnone size-medium\" \/><\/h2>\n<p>\u00a0<\/p>\n<p>\u00a0<\/p>\n<\/div><\/div>\n<\/div>\n<\/div>\n<\/div>\n\n<div class=\"et_pb_section_5 et_pb_section et_section_regular et_block_section\">\n<div class=\"et_pb_row_6 et_pb_row et_block_row preset--module--divi-row--5138c454-be54-4233-bd3b-f8e6a8747976\">\n<div class=\"et_pb_column_11 et_pb_column et_pb_column_4_4 et-last-child et_block_column et_pb_css_mix_blend_mode_passthrough preset--module--divi-column--73121f80-a3ef-4484-8763-c3f18e3c56d2\">\n<div class=\"et_pb_cta_0 et_pb_promo et_pb_bg_layout_dark et_pb_module et_block_module preset--module--divi-cta--0cae81ab-7223-4b50-8e71-bfb309c58c86\"><div class=\"et_pb_promo_description\"><h2 class=\"et_pb_module_header\">Rejoignez l'\u00c9cole du temps pr\u00e9sent<\/h2><div class=\"et_pb_promo_content\"><p>Embarquez pour un voyage de d\u00e9couverte de soi et de transformation avec l'\u00c9cole du Temps Pr\u00e9sent. Nos programmes sont con\u00e7us pour vous aider \u00e0 vous reconnecter profond\u00e9ment \u00e0 votre \u00eatre v\u00e9ritable, \u00e0 d\u00e9velopper votre conscience et \u00e0 vivre avec plus de libert\u00e9 et de cr\u00e9ativit\u00e9. Que vous souhaitiez clarifier votre chemin de vie, vous lib\u00e9rer de sch\u00e9mas limitants ou simplement \u00eatre plus pr\u00e9sent, nous vous invitons \u00e0 d\u00e9couvrir nos offres. Rejoignez une communaut\u00e9 engag\u00e9e dans le d\u00e9veloppement personnel et la pr\u00e9sence collective. Faites d\u00e8s aujourd'hui le premier pas vers une vie plus consciente et connect\u00e9e.<\/p>\n<\/div><\/div><div class=\"et_pb_button_wrapper\"><a class=\"et_pb_button et_pb_promo_button\" href=\"#\">Impliquez-vous<\/a><\/div><\/div>\n<\/div>\n<\/div>\n<\/div>","protected":false},"excerpt":{"rendered":"","protected":false},"author":1,"featured_media":0,"parent":0,"menu_order":0,"comment_status":"closed","ping_status":"closed","template":"","meta":{"footnotes":""},"class_list":["post-224067","page","type-page","status-publish","hentry"],"_links":{"self":[{"href":"https:\/\/www.school-of-present-time.com\/fr\/wp-json\/wp\/v2\/pages\/224067","targetHints":{"allow":["GET"]}}],"collection":[{"href":"https:\/\/www.school-of-present-time.com\/fr\/wp-json\/wp\/v2\/pages"}],"about":[{"href":"https:\/\/www.school-of-present-time.com\/fr\/wp-json\/wp\/v2\/types\/page"}],"author":[{"embeddable":true,"href":"https:\/\/www.school-of-present-time.com\/fr\/wp-json\/wp\/v2\/users\/1"}],"replies":[{"embeddable":true,"href":"https:\/\/www.school-of-present-time.com\/fr\/wp-json\/wp\/v2\/comments?post=224067"}],"version-history":[{"count":15,"href":"https:\/\/www.school-of-present-time.com\/fr\/wp-json\/wp\/v2\/pages\/224067\/revisions"}],"predecessor-version":[{"id":224472,"href":"https:\/\/www.school-of-present-time.com\/fr\/wp-json\/wp\/v2\/pages\/224067\/revisions\/224472"}],"wp:attachment":[{"href":"https:\/\/www.school-of-present-time.com\/fr\/wp-json\/wp\/v2\/media?parent=224067"}],"curies":[{"name":"wp","href":"https:\/\/api.w.org\/{rel}","templated":true}]}}